{"id":117,"date":"2023-05-31T19:29:15","date_gmt":"2023-05-31T19:29:15","guid":{"rendered":"http:\/\/feuerwehr-rechterfeld.de\/?page_id=117"},"modified":"2026-02-10T18:18:56","modified_gmt":"2026-02-10T18:18:56","slug":"geschichte-ff-rechterfeld","status":"publish","type":"page","link":"https:\/\/feuerwehr-rechterfeld.de\/?page_id=117","title":{"rendered":"Geschichte FF Rechterfeld"},"content":{"rendered":"\n<p>Die Geschichte und Entwicklung der FF Rechterfeld von 1934 bis heute<\/p>\n\n\n\n<p>Im aufstrebenden Kirchdorf Rechterfeld &#8211; seit 1926 eigene Pfarrei &#8211; gr\u00fcnden 24 aktive M\u00e4nner am 28. Januar 1934 unter dem Namen \u201eFeuerl\u00f6schpolizei Freiwillige Feuerwehr Visbek, Zug Rechterfeld, Kreisfeuerwehrverband Vechta\u201d die heutige Freiwillige Feuerwehr Rechterfeld. Gemeindebrandmeister Heye Ennens aus Visbek hatte die neuen Mitglieder aufgenommen und am 13.02.1934 bei einer Versammlung in der Gastwirtschaft Olberding offiziell verpflichtet.<\/p>\n\n\n\n<p>\u00c4ltestes Gr\u00fcndungsmitglied war der Bauer Georg K\u00fchling, Jahrgang 1887 und j\u00fcngstes Bauer Hermann Reinke, Jahrgang 1916. Arnold Thole wurde am 15. Mai 1934 als erster L\u00f6schzugf\u00fchrer (Ortsbrandmeister) vereidigt und besuchte den Brandmeisterlehrgang an der Oldenburgischen Feuerwehrschule in Loy, Ammerland.<\/p>\n\n\n\n<p>Bei einer gemeinsamen \u00dcbung mit der Visbeker Wehr am 15.11.1934 wurde die von der Gemeinde angeschaffte erste Feuerspritze \u00fcberreicht. Die Handdruckspritze musste bei 110 Pumpschl\u00e4gen pro Minute von acht M\u00e4nnern bedient werden. Im Januar 1935 wurden vier Feuerl\u00f6schkuhlen in Rechterfeld angelegt: im Ort (in der Weide des Bauern Teping), auf der Bloge, auf der Heide und am Bahnhof. Ein Jahr sp\u00e4ter wurde die Feuerwehr auch motorisiert; sie erhielt am 04.12.1935 einen neuen Mannschaftswagen. Untergebracht war die Ausr\u00fcstung auf dem Hof des Bauern Georg K\u00fchling.<\/p>\n\n\n\n<p>In den schlimmen Kriegsjahren (1939 bis 1945) wurden viele Mitglieder zum Kriegsdienst eingezogen, so dass die Wehr nicht mehr voll einsatzf\u00e4hig war. Rechterfeld hatte im Zweiten Weltkrieg 77 M\u00e4nner als Gefallene und Vermisste zu beklagen. Der erste Mannschaftswagen wird nach dem 2. Weltkrieg von Besatzungstruppen mitgenommen. Ortsbrandmeister Arnold Thole gelang es dennoch wieder Feuerwehrkameraden zusammenzuholen.<\/p>\n\n\n\n<p>In den Jahren 1950\/51 wurde ein Feuerwehrhaus am Rande des Hofes K\u00fchling, dort wo auch heute noch das Rechterfelder Feuerwehrhaus steht, errichtet. Es hatte einen Fahrzeugstellplatz mit Schlauchwaschtrog und Schlauchtrockenturm sowie einen etwa 5 Quadratmeter \u201egro\u00dfen\u201c Aufenthaltsraum. Im Jahre 1954 wurde die erste gezogene Motorspritze beschafft. Diese konnte an einen offenen Mannschaftswagen, welcher von der Visbeker Feuerwehr \u00fcbernommen wurde, angeh\u00e4ngt werden.<\/p>\n\n\n\n<p>Das erste fabrikneue L\u00f6schgruppenfahrzeug LF 8 der Marke Borgward mit einem Aufbau der Fa. Graaff aus Elze erhielt die Feuerwehr Rechterfeld im Jahre 1959. Dieses Fahrzeug war bis 1988 im Dienst und befindet sich noch heute im Besitz der Wehr.<\/p>\n\n\n\n<p>Da Ortsbrandmeister Arnold Thole sein Amt aus Altersgr\u00fcnden zur Verf\u00fcgung stellte, wurde im Januar 1977 eine au\u00dferordentliche Mitgliederversammlung einberufen. Die Kameraden beschlossen, dass Clemens Reinke im Alter von erst 24 Jahren zum neuen Ortsbrandmeister ernannt werden solle. Weiterhin wurde Alwin Kossen f\u00fcr das Amt des stellvertretenden Ortsbrandmeisters und Clemens Michelbrand als stellvertretender Gemeindebrandmeister vorgeschlagen.<\/p>\n\n\n\n<p>Da sich der Zustand der Feuerl\u00f6schteiche immer mehr verschlechterte und zudem die Betriebe und Einwohnerzahlen anwuchsen, wurde ein Tankl\u00f6schfahrzeug notwendig. Von der Feuerwehr Vechta konnte 1978 das bisherige Tankl\u00f6schfahrzeug TLF 16T, Baujahr 1956 leihweise \u00fcbernommen werden. Dieses Fahrzeug wurde 1992 nach Vechta zur\u00fcck\u00fcberf\u00fchrt und befindet sich heute im Besitz der Piskenf\u00fcerwehr Vechta. Um das \u201eneue\u201c Fahrzeug unterstellen zu k\u00f6nnen wurde ein gr\u00f6\u00dferes Feuerwehrhaus ben\u00f6tigt. Das alte Feuerwehrhaus wurde daher im Jahre 1979 abgerissen. An der gleichen Stelle wurde mit einem Neubau begonnen. Die Arbeiten wurden in Eigenleistung ausgef\u00fchrt. Die Gemeinde stellte lediglich das Material zur Verf\u00fcgung. Das neue Feuerwehrhaus wurde 1980 durch Pfarrer August Thoben eingesegnet. Es verf\u00fcgte \u00fcber zwei Fahrzeugstellpl\u00e4tze, einen Aufenthaltsraum sowie sanit\u00e4re Anlagen.<\/p>\n\n\n\n<p>Die Freiwillige Feuerwehr Rechterfeld feierte am 08.07.1984 ihr 50-j\u00e4hriges Jubil\u00e4um mit einem Tag der offenen T\u00fcr.<\/p>\n\n\n\n<p>Im April 1988 wurde das alte L\u00f6schgruppenfahrzeug aus dem Jahre 1959 durch ein neues LF 8 aus dem Hause Schlingmann, Dissen auf Mercedes-Benz ersetzt. Dieses Fahrzeug verf\u00fcgt u.a. \u00fcber einen Rettungssatz f\u00fcr Verkehrsunf\u00e4lle. Alwin Kossen stellte 1989 sein Amt als stellvertretender Ortsbrandmeister zur Verf\u00fcgung. Zum seinem Nachfolger wurde Arnold Moormann gew\u00e4hlt. Im Januar 1992 konnte das von der Feuerwehr Vechta geliehene inzwischen 36 Jahre alte Tankl\u00f6schfahrzeug durch ein Tankl\u00f6schfahrzeug TLF 16\/25 ersetzt werden. Es kommt ebenfalls von der Fa. Schingmann auf Mercedes-Benz. Das neue Tankl\u00f6schfahrzeug hat einen 2.800 l Wassertank, einen 200 l Schaummitteltank sowie einen Wasser- und Schaumwerfer auf dem Fahrzeugdach.<\/p>\n\n\n\n<p>Da die Mitgliederzahlen der Rechterfelder Feuerwehr genau wie die Aufgaben stetig anstiegen, wurde 1995 ein neuer Schulungsraum an das bisherige Geb\u00e4ude angebaut. Die Bauma\u00dfnahmen erfolgten wieder durch Eigenleistung der Kameraden. In den folgenden Jahren wurden die beiden Fahrzeuge st\u00e4ndig um neuen Techniken erweitert. So wurden beispielsweise drei Rettungszylinder, eine Rettungss\u00e4ge und ein \u00dcberdruckl\u00fcfter beschafft.<\/p>\n\n\n\n<p>Nach \u00fcber 30 Jahren wurde Clemens Reinke im November 2007 als Ortsbrandmeister geb\u00fchrend im Feuerwehrhaus verabschiedet. Er ist der Feuerwehr als stellvertretender Gemeindebrandmeister aber erhalten geblieben. Dieses Amt bekleidet er seit 1987. Reinkes bisheriger Stellvertreter Arnold Moormann wurde neuer Rechterfelder Ortsbrandmeister und Arnold Frilling dessen neuer Stellvertreter.<\/p>\n\n\n\n<p>Das Feuerwehrhaus wurde im Jahre 2008 um einen dritten Fahrzeugstellplatz erweitert. Ein Mannschaftstransportfahrzeug (MTF) wurde zudem angeschafft. Das Fahrzeug und der Anbau wurden am 11.01.2009 offiziell ihrer Bestimmung \u00fcbergeben.<\/p>\n\n\n\n<p>Ortsbrandmeister Arnold Moormann k\u00fcndigte im Dezember 2009 seinen R\u00fccktritt an. Zu seinem Nachfolger w\u00e4hlten die Kameraden den Hauptl\u00f6schmeister J\u00f6rg Reinke. Am 24.02.2010 fand die Ernennung und somit der offizielle F\u00fchrungswechsel in der Rechterfelder Wehr statt. Als Dankesch\u00f6n f\u00fcr die \u00fcber 20j\u00e4hrige T\u00e4tigkeit von Arnold Moormann in der F\u00fchrung der Wehr fand ein Kameradschaftsabend im Feuerwehrhaus statt.<\/p>\n\n\n\n<p><em>Hier fehlen noch aktuelle Infos, die reichen wir schnellstm\u00f6glich nach<\/em>.<\/p>\n\n\n\n<p>Das Tankl\u00f6schfahrzeug der FF Rechterfeld ist Bestandteil des 4. Zuges der Kreisfeuerwehrbereitschaft des Landkreises Vechta. Eine Gruppe der Rechterfelder Kameraden nimmt regelm\u00e4\u00dfig an den \u00dcbungen der KFB teil. In den Jahren 2002, 2006 und 2013 wurden diese Kameraden zu Hochwassereins\u00e4tzen an die Elbe und 2010 in die Stadt Osnabr\u00fcck gerufen. Oberbrandmeister Arnold Moormann ist seit 1998 Zugf\u00fchrer des 4. Zuges der Kreisfeuerwehrbereitschaft.<\/p>\n\n\n\n<p>Vor dem Jahreswechsel treffen sich die aktiven Feuerwehrkameraden allj\u00e4hrlich zu einer Weihnachtsfeier und im Januar wird das traditionelle Kohlessen mit Partnern und Ehrenmitgliedern im Feuerwehrhaus veranstaltet.<\/p>\n\n\n\n<p>Verantwortlich f\u00fcr die Feuerwehr Rechterfeld zeichnen im Jahr 2026:<\/p>\n\n\n\n<p>\u2022&nbsp;&nbsp;&nbsp;&nbsp;&nbsp;&nbsp;&nbsp;&nbsp;&nbsp;&nbsp;&nbsp;&nbsp; Ortsbrandmeister J\u00f6rg Reinke,<\/p>\n\n\n\n<p>\u2022&nbsp;&nbsp;&nbsp;&nbsp;&nbsp;&nbsp;&nbsp;&nbsp;&nbsp;&nbsp;&nbsp;&nbsp; Stellvertretender Ortsbrandmeister Henning Gabel,<\/p>\n\n\n\n<p>\u2022&nbsp;&nbsp;&nbsp;&nbsp;&nbsp;&nbsp;&nbsp;&nbsp;&nbsp;&nbsp;&nbsp;&nbsp; Gruppenf\u00fchrer Julian Gr\u00fc\u00dfing,<\/p>\n\n\n\n<p>\u2022&nbsp;&nbsp;&nbsp;&nbsp;&nbsp;&nbsp;&nbsp;&nbsp;&nbsp;&nbsp;&nbsp;&nbsp; Gruppenf\u00fchrer Alexander Pundsack,<\/p>\n\n\n\n<p>\u2022&nbsp;&nbsp;&nbsp;&nbsp;&nbsp;&nbsp;&nbsp;&nbsp;&nbsp;&nbsp;&nbsp;&nbsp; Gruppenf\u00fchrer Stephan Michelbrand,<\/p>\n\n\n\n<p>\u2022&nbsp;&nbsp;&nbsp;&nbsp;&nbsp;&nbsp;&nbsp;&nbsp;&nbsp;&nbsp;&nbsp;&nbsp; Gruppenf\u00fchrer Thomas Wilkens,<\/p>\n\n\n\n<p>\u2022&nbsp;&nbsp;&nbsp;&nbsp;&nbsp;&nbsp;&nbsp;&nbsp;&nbsp;&nbsp;&nbsp;&nbsp; Schriftf\u00fchrerin Carina Pundsack,<\/p>\n\n\n\n<p>\u2022\u00a0\u00a0\u00a0\u00a0\u00a0\u00a0\u00a0\u00a0\u00a0\u00a0\u00a0\u00a0 Sicherheitsbeauftragte Andreas Varnhorn,<\/p>\n\n\n\n<p>\u2022\u00a0\u00a0\u00a0\u00a0\u00a0\u00a0\u00a0\u00a0\u00a0\u00a0\u00a0\u00a0 Ger\u00e4tewart Lukas Martin,<\/p>\n\n\n\n<p>\u2022&nbsp;&nbsp;&nbsp;&nbsp;&nbsp;&nbsp;&nbsp;&nbsp;&nbsp;&nbsp;&nbsp;&nbsp; Atemschutzger\u00e4tewart Kevin Olberding,<\/p>\n\n\n\n<p>\u2022&nbsp;&nbsp;&nbsp;&nbsp;&nbsp;&nbsp;&nbsp;&nbsp;&nbsp;&nbsp;&nbsp;&nbsp; Kassenwart Malte Sandkuhl und<\/p>\n\n\n\n<p>\u2022&nbsp;&nbsp;&nbsp;&nbsp;&nbsp;&nbsp;&nbsp;&nbsp;&nbsp;&nbsp;&nbsp;&nbsp; Zeugwart Manuel Meyer<\/p>\n\n\n\n<p>Sowie als Gemeindekommando:<\/p>\n\n\n\n<p>\u2022&nbsp;&nbsp;&nbsp;&nbsp;&nbsp;&nbsp;&nbsp;&nbsp;&nbsp;&nbsp;&nbsp;&nbsp; Gemeindebrandmeister Stefan Hitz (FF Visbek) und<\/p>\n\n\n\n<p>\u2022&nbsp;&nbsp;&nbsp;&nbsp;&nbsp;&nbsp;&nbsp;&nbsp;&nbsp;&nbsp;&nbsp;&nbsp; Stellvertretender Gemeindebrandmeister Arnold Frilling.<\/p>\n\n\n\n<p>Am 30. Oktober 2024 wurde die Jugendfeuerwehr Rechterfeld gegr\u00fcndet. Am 19. Februar 2025 wurde auf der ersten Jahreshauptversammlung der Jugendfeuerwehr Rechterfeld Lena Hasenkamp zur Jugendfeuerwehrwartin und Nils Jan\u00dfen zum stellvertretenden Jugendfeuerwehrwart gew\u00e4hlt. Betreuer sind au\u00dferdem: <\/p>\n\n\n\n<p>\u2022&nbsp;&nbsp;&nbsp;&nbsp;&nbsp;&nbsp;&nbsp;&nbsp;&nbsp;&nbsp;&nbsp;&nbsp; Steffen Freese, <\/p>\n\n\n\n<p>\u2022&nbsp;&nbsp;&nbsp;&nbsp;&nbsp;&nbsp;&nbsp;&nbsp;&nbsp;&nbsp;&nbsp;&nbsp; Fabian Frilling, <\/p>\n\n\n\n<p>\u2022&nbsp;&nbsp;&nbsp;&nbsp;&nbsp;&nbsp;&nbsp;&nbsp;&nbsp;&nbsp;&nbsp;&nbsp; Andre Muhle , <\/p>\n\n\n\n<p>\u2022&nbsp;&nbsp;&nbsp;&nbsp;&nbsp;&nbsp;&nbsp;&nbsp;&nbsp;&nbsp;&nbsp;&nbsp; Manuel Meyer und<\/p>\n\n\n\n<p>\u2022&nbsp;&nbsp;&nbsp;&nbsp;&nbsp;&nbsp;&nbsp;&nbsp;&nbsp;&nbsp;&nbsp;&nbsp; Tim Podszus <\/p>\n\n\n\n<p>Von der Gr\u00fcndung bis zur Jahreshauptversammlung konnte die Jugendfeuerwehr bereits von 12 auf 19 Mitglieder heranwachsen. <\/p>\n","protected":false},"excerpt":{"rendered":"<p>Die Geschichte und Entwicklung der FF Rechterfeld von 1934 bis heute Im aufstrebenden Kirchdorf Rechterfeld &#8211; seit 1926 eigene Pfarrei &#8211; gr\u00fcnden 24 aktive M\u00e4nner am 28. Januar 1934 unter dem Namen \u201eFeuerl\u00f6schpolizei Freiwillige Feuerwehr Visbek, Zug Rechterfeld, Kreisfeuerwehrverband Vechta\u201d die heutige Freiwillige Feuerwehr Rechterfeld. Gemeindebrandmeister Heye Ennens aus Visbek hatte die neuen Mitglieder aufgenommen [&hellip;]<\/p>\n","protected":false},"author":1,"featured_media":0,"parent":49,"menu_order":0,"comment_status":"closed","ping_status":"closed","template":"","meta":{"footnotes":""},"class_list":["post-117","page","type-page","status-publish","hentry"],"_links":{"self":[{"href":"https:\/\/feuerwehr-rechterfeld.de\/index.php?rest_route=\/wp\/v2\/pages\/117","targetHints":{"allow":["GET"]}}],"collection":[{"href":"https:\/\/feuerwehr-rechterfeld.de\/index.php?rest_route=\/wp\/v2\/pages"}],"about":[{"href":"https:\/\/feuerwehr-rechterfeld.de\/index.php?rest_route=\/wp\/v2\/types\/page"}],"author":[{"embeddable":true,"href":"https:\/\/feuerwehr-rechterfeld.de\/index.php?rest_route=\/wp\/v2\/users\/1"}],"replies":[{"embeddable":true,"href":"https:\/\/feuerwehr-rechterfeld.de\/index.php?rest_route=%2Fwp%2Fv2%2Fcomments&post=117"}],"version-history":[{"count":4,"href":"https:\/\/feuerwehr-rechterfeld.de\/index.php?rest_route=\/wp\/v2\/pages\/117\/revisions"}],"predecessor-version":[{"id":509,"href":"https:\/\/feuerwehr-rechterfeld.de\/index.php?rest_route=\/wp\/v2\/pages\/117\/revisions\/509"}],"up":[{"embeddable":true,"href":"https:\/\/feuerwehr-rechterfeld.de\/index.php?rest_route=\/wp\/v2\/pages\/49"}],"wp:attachment":[{"href":"https:\/\/feuerwehr-rechterfeld.de\/index.php?rest_route=%2Fwp%2Fv2%2Fmedia&parent=117"}],"curies":[{"name":"wp","href":"https:\/\/api.w.org\/{rel}","templated":true}]}}