{"id":124,"date":"2023-05-31T19:30:58","date_gmt":"2023-05-31T19:30:58","guid":{"rendered":"http:\/\/feuerwehr-rechterfeld.de\/?page_id=124"},"modified":"2024-09-26T11:38:27","modified_gmt":"2024-09-26T11:38:27","slug":"brandschutzerziehung","status":"publish","type":"page","link":"https:\/\/feuerwehr-rechterfeld.de\/?page_id=124","title":{"rendered":"Brandschutzerziehung"},"content":{"rendered":"\n<p>Neugier und Entdeckerdrang von Kindern nutzen, sie ernst nehmen und gleichzeitig im Umgang mit Feuer sensibilisieren, Aufkl\u00e4rungsarbeit leisten &#8211; genau aus diesen Gr\u00fcnden besucht die 4. Klasse der Grundschule Rechterfeld jedes Jahr unsere Feuerwehr. <\/p>\n\n\n\n<p>Unsere Brandschutzerzieher\/-innen zeigen, wie gef\u00e4hrlich Situationen sein k\u00f6nnen und wie so mancher Brand verhindert werden k\u00f6nnte. <\/p>\n\n\n\n<p>Fragen rund um die Erstehung von Feuer, wie l\u00f6sche ich ein Feuer, wie setze ich richtig einen Notruf ab, werden gekl\u00e4rt. Gleichzeitig d\u00fcrfen die Kinder nat\u00fcrlich unsere Fahrzeuge genau unter die Lupe nehmen und schauen: Was haben wir eigentlich dabei, wenn wir zu einem Brand gerufen werden? <\/p>\n\n\n\n<p><\/p>\n","protected":false},"excerpt":{"rendered":"<p>Neugier und Entdeckerdrang von Kindern nutzen, sie ernst nehmen und gleichzeitig im Umgang mit Feuer sensibilisieren, Aufkl\u00e4rungsarbeit leisten &#8211; genau aus diesen Gr\u00fcnden besucht die 4. Klasse der Grundschule Rechterfeld jedes Jahr unsere Feuerwehr. Unsere Brandschutzerzieher\/-innen zeigen, wie gef\u00e4hrlich Situationen sein k\u00f6nnen und wie so mancher Brand verhindert werden k\u00f6nnte. Fragen rund um die Erstehung [&hellip;]<\/p>\n","protected":false},"author":1,"featured_media":0,"parent":49,"menu_order":0,"comment_status":"closed","ping_status":"closed","template":"","meta":{"footnotes":""},"class_list":["post-124","page","type-page","status-publish","hentry"],"_links":{"self":[{"href":"https:\/\/feuerwehr-rechterfeld.de\/index.php?rest_route=\/wp\/v2\/pages\/124","targetHints":{"allow":["GET"]}}],"collection":[{"href":"https:\/\/feuerwehr-rechterfeld.de\/index.php?rest_route=\/wp\/v2\/pages"}],"about":[{"href":"https:\/\/feuerwehr-rechterfeld.de\/index.php?rest_route=\/wp\/v2\/types\/page"}],"author":[{"embeddable":true,"href":"https:\/\/feuerwehr-rechterfeld.de\/index.php?rest_route=\/wp\/v2\/users\/1"}],"replies":[{"embeddable":true,"href":"https:\/\/feuerwehr-rechterfeld.de\/index.php?rest_route=%2Fwp%2Fv2%2Fcomments&post=124"}],"version-history":[{"count":2,"href":"https:\/\/feuerwehr-rechterfeld.de\/index.php?rest_route=\/wp\/v2\/pages\/124\/revisions"}],"predecessor-version":[{"id":333,"href":"https:\/\/feuerwehr-rechterfeld.de\/index.php?rest_route=\/wp\/v2\/pages\/124\/revisions\/333"}],"up":[{"embeddable":true,"href":"https:\/\/feuerwehr-rechterfeld.de\/index.php?rest_route=\/wp\/v2\/pages\/49"}],"wp:attachment":[{"href":"https:\/\/feuerwehr-rechterfeld.de\/index.php?rest_route=%2Fwp%2Fv2%2Fmedia&parent=124"}],"curies":[{"name":"wp","href":"https:\/\/api.w.org\/{rel}","templated":true}]}}