{"id":256,"date":"2024-04-12T08:18:30","date_gmt":"2024-04-12T08:18:30","guid":{"rendered":"http:\/\/feuerwehr-rechterfeld.de\/?page_id=256"},"modified":"2024-04-12T08:18:30","modified_gmt":"2024-04-12T08:18:30","slug":"jahreshauptversammlung-vom-05-januar-2024","status":"publish","type":"page","link":"https:\/\/feuerwehr-rechterfeld.de\/?page_id=256","title":{"rendered":"Jahreshauptversammlung vom 05. Januar 2024"},"content":{"rendered":"\n<p id=\"block-e03453c7-451d-433f-9ef2-0b009aac3788\">Stv. OrtsBM Henning Gabel mit 100% von der Mannschaft f\u00fcr eine weitere Amtszeit best\u00e4tigt<\/p>\n\n\n\n<figure class=\"wp-block-image\" id=\"block-bb707255-1bcf-4ab5-886d-562e0af19db8\"><img decoding=\"async\" src=\"https:\/\/feuerwehr-rechterfeld.de\/wp-content\/uploads\/2024\/04\/AlleQZ-1024x768.png\" alt=\"Dieses Bild hat ein leeres Alt-Attribut. Der Dateiname ist AlleQZ-1024x768.png\"\/><\/figure>\n\n\n\n<p id=\"block-6f56e94a-4b14-497b-b555-0243eab850fe\">Traditionsgem\u00e4\u00df findet am ersten Freitag im neuen Jahr die Jahreshauptversammlung der Feuerwehr Rechterfeld statt. Ortsbrandmeister J\u00f6rg Reinke begr\u00fc\u00dfte alle anwesenden Kameraden, Kameradinnen und alle geladenen G\u00e4ste zum letzten Mal im alten Feuerwehrhaus.<\/p>\n\n\n\n<p id=\"block-15e780c9-c654-41b4-8c93-8b1f87fee934\">Im Jahresr\u00fcckblick von Ortsbrandmeister Reinke war der Start des neuen Feuerwehrhauses sicherlich das Highlight. Die Fertigstellung sei f\u00fcr den Sommer im Baujahr 2024 geplant und dann soll es auch einen Tag der offenen T\u00fcr geben.<\/p>\n\n\n\n<figure class=\"wp-block-image\" id=\"block-194af642-5ec6-4957-9ce2-1e05d136edf5\"><img decoding=\"async\" src=\"https:\/\/feuerwehr-rechterfeld.de\/wp-content\/uploads\/2024\/04\/PHOTO-2023-11-18-13-53-03-1024x576.jpg\" alt=\"Dieses Bild hat ein leeres Alt-Attribut. Der Dateiname ist PHOTO-2023-11-18-13-53-03-1024x576.jpg\"\/><\/figure>\n\n\n\n<p id=\"block-3f2b6dd9-c480-4463-bc52-27a7fbbc57db\"><em>So ungef\u00e4hr sah der Neubau zur Zeit der Jahreshauptversammlung aus.<\/em><\/p>\n\n\n\n<p id=\"block-2036cb7e-f498-49cb-a3f8-32e55c5a5522\">Als n\u00e4chsten Punkt auf der Tagesordnung stand &#8222;Vorschlagswahl stv. Ortsbrandmeister&#8220;. Henning Gabel stand zur Wiederwahl zur Verf\u00fcgung. In einer geheimen Wahl wurde Henning mit unglaublichen 100% von der Mannschaft f\u00fcr weitere sechs Jahre best\u00e4tigt.<\/p>\n\n\n\n<figure class=\"wp-block-image\" id=\"block-b1a69dff-07a0-4a72-b26f-d15c54357b1c\"><img decoding=\"async\" src=\"https:\/\/feuerwehr-rechterfeld.de\/wp-content\/uploads\/2024\/04\/HGJRWZ-1024x768.png\" alt=\"Dieses Bild hat ein leeres Alt-Attribut. Der Dateiname ist HGJRWZ-1024x768.png\"\/><\/figure>\n\n\n\n<p id=\"block-9a48721e-b0e3-4652-a6c1-c69897b6bba7\">Als Neuaufnahmen durften wir in diesem Jahr Steffen Middelbeck als Quereinsteiger und Henrike Frilling aus der Gemeindejugendfeuerwehr aufnehmen.<br>Besiegelt wurde dies mit der traditionellen &#8222;Feuertaufe&#8220; &#8211; Prost &amp; herzlichen Willkommen im Team!<\/p>\n\n\n\n<figure class=\"wp-block-image\" id=\"block-8efb92ad-f6ac-41a6-ba2e-7567cc7a73b6\"><img decoding=\"async\" src=\"https:\/\/feuerwehr-rechterfeld.de\/wp-content\/uploads\/2024\/04\/HFSMWZ-768x1024.png\" alt=\"Dieses Bild hat ein leeres Alt-Attribut. Der Dateiname ist HFSMWZ-768x1024.png\"\/><\/figure>\n\n\n\n<p id=\"block-9f58d344-52c8-4f15-bb2d-64d5584d2cce\">Es ging mit erfreulichen Nachrichten weiter: Jan Gr\u00fc\u00dfing wurde im Februar nach Erreichen der Altersgrenze in die Altersabteilung verabschiedet. Zuvor war er von 1999 bis 2020 unser Zeugwart. F\u00fcr sein jahrelanges Engagement wurde ihm die silberne Ehrennadel des OFV verliehen.<\/p>\n\n\n\n<figure class=\"wp-block-image\" id=\"block-1e57e13e-236a-41ab-b0f3-c81ce78cc8b0\"><img decoding=\"async\" src=\"https:\/\/feuerwehr-rechterfeld.de\/wp-content\/uploads\/2024\/04\/JGSHWZ-768x1024.png\" alt=\"Dieses Bild hat ein leeres Alt-Attribut. Der Dateiname ist JGSHWZ-768x1024.png\"\/><\/figure>\n","protected":false},"excerpt":{"rendered":"<p>Stv. OrtsBM Henning Gabel mit 100% von der Mannschaft f\u00fcr eine weitere Amtszeit best\u00e4tigt Traditionsgem\u00e4\u00df findet am ersten Freitag im neuen Jahr die Jahreshauptversammlung der Feuerwehr Rechterfeld statt. Ortsbrandmeister J\u00f6rg Reinke begr\u00fc\u00dfte alle anwesenden Kameraden, Kameradinnen und alle geladenen G\u00e4ste zum letzten Mal im alten Feuerwehrhaus. Im Jahresr\u00fcckblick von Ortsbrandmeister Reinke war der Start des [&hellip;]<\/p>\n","protected":false},"author":1,"featured_media":0,"parent":60,"menu_order":0,"comment_status":"closed","ping_status":"closed","template":"","meta":{"footnotes":""},"class_list":["post-256","page","type-page","status-publish","hentry"],"_links":{"self":[{"href":"https:\/\/feuerwehr-rechterfeld.de\/index.php?rest_route=\/wp\/v2\/pages\/256","targetHints":{"allow":["GET"]}}],"collection":[{"href":"https:\/\/feuerwehr-rechterfeld.de\/index.php?rest_route=\/wp\/v2\/pages"}],"about":[{"href":"https:\/\/feuerwehr-rechterfeld.de\/index.php?rest_route=\/wp\/v2\/types\/page"}],"author":[{"embeddable":true,"href":"https:\/\/feuerwehr-rechterfeld.de\/index.php?rest_route=\/wp\/v2\/users\/1"}],"replies":[{"embeddable":true,"href":"https:\/\/feuerwehr-rechterfeld.de\/index.php?rest_route=%2Fwp%2Fv2%2Fcomments&post=256"}],"version-history":[{"count":2,"href":"https:\/\/feuerwehr-rechterfeld.de\/index.php?rest_route=\/wp\/v2\/pages\/256\/revisions"}],"predecessor-version":[{"id":258,"href":"https:\/\/feuerwehr-rechterfeld.de\/index.php?rest_route=\/wp\/v2\/pages\/256\/revisions\/258"}],"up":[{"embeddable":true,"href":"https:\/\/feuerwehr-rechterfeld.de\/index.php?rest_route=\/wp\/v2\/pages\/60"}],"wp:attachment":[{"href":"https:\/\/feuerwehr-rechterfeld.de\/index.php?rest_route=%2Fwp%2Fv2%2Fmedia&parent=256"}],"curies":[{"name":"wp","href":"https:\/\/api.w.org\/{rel}","templated":true}]}}