{"id":259,"date":"2024-04-12T08:20:17","date_gmt":"2024-04-12T08:20:17","guid":{"rendered":"http:\/\/feuerwehr-rechterfeld.de\/?page_id=259"},"modified":"2024-04-12T08:20:17","modified_gmt":"2024-04-12T08:20:17","slug":"spatenstich-neues-feuerwehrhaus-am-22-08-2023","status":"publish","type":"page","link":"https:\/\/feuerwehr-rechterfeld.de\/?page_id=259","title":{"rendered":"Spatenstich neues Feuerwehrhaus am 22.08.2023"},"content":{"rendered":"\n<p id=\"block-38bfbd3c-ac5f-4c32-b46d-a636294b0893\">Am 22. August 2023 lud B\u00fcrgermeister Gerd Meyer zum ersten offiziellen Spatenstich f\u00fcr das neue Feuerwehrhaus Rechterfeld ein.<\/p>\n\n\n\n<figure class=\"wp-block-image\" id=\"block-a06fe1a0-ea07-438e-83b7-4370992a7848\"><img decoding=\"async\" src=\"https:\/\/feuerwehr-rechterfeld.de\/wp-content\/uploads\/2023\/11\/1-1-1024x724.jpg\" alt=\"Dieses Bild hat ein leeres Alt-Attribut. Der Dateiname ist 1-1-1024x724.jpg\"\/><\/figure>\n\n\n\n<p id=\"block-eea70384-e198-473b-840c-4882f09512af\"><\/p>\n\n\n\n<p id=\"block-0bbc5bdd-2c80-43bc-b9b7-1b5c73bde214\"><\/p>\n\n\n\n<p id=\"block-beea3d35-2f4a-4e56-8869-8511b3ae0f81\">Der Einladung folgten rund 50 Personen, darunter die Nachbarn \u201eAm Friedhof\u201c, mehrere Ratsmitglieder der Gemeinde Visbek, Amtsleiter Gerd Brengelmann, den Architekten Thomas Middelhove (MZ Baubetreuungs- und Verwaltungs-GmbH aus Vechta), Pfarrer Dr. Ekennia aus Nigeria, Gemeindebrandmeister Stefan Hitz und seinen Stellvertreter Arnold Frilling, Ortsbrandmeister Visbek Sascha Stelmaszyk und Stellvertreter Sven Oesten, Ortsbrandmeister J\u00f6rg Reinke und Stellvertreter Henning Gabel, Gemeindejugendfeuerwehrwart Heinrich Hermes, sowie alle Kameraden und Kameradinnen der Feuerwehr Rechterfeld. B\u00fcrgermeister Gerd Meyer informierte in einer kurzen Ansprache \u00fcber den aktuellen Stand des Neubaus. Man rechne im Juni oder Juli 2024 mit der Fertigstellung des Stahlrahmenbaus. In der gro\u00dfen Fahrzeughalle sind 5 Stellpl\u00e4tze vorgesehen. Au\u00dferdem wird es Technik- und Lagerr\u00e4ume, sanit\u00e4re Anlagen und einen gro\u00dfen Besprechungsraum mit angrenzender K\u00fcche geben. Die Nachbarn bat Meyer um Verst\u00e4ndnis w\u00e4hrend der Bauphase und versicherte zeitgleich, dass Ortsbrandmeister J\u00f6rg Reinke bei jedem Problem als Ansprechpartner zu Seite stehe. Die Erdarbeiten sind beinahe abgeschlossen. Die Maurer- und Stahlbauarbeiten wurden bereits vergeben und starten in K\u00fcrze.<\/p>\n\n\n\n<figure class=\"wp-block-image\" id=\"block-3af4d3cf-ad5f-4737-9ce6-ed66f0fc8ed8\"><img decoding=\"async\" src=\"https:\/\/feuerwehr-rechterfeld.de\/wp-content\/uploads\/2023\/11\/2-2-1024x720.jpg\" alt=\"Dieses Bild hat ein leeres Alt-Attribut. Der Dateiname ist 2-2-1024x720.jpg\"\/><\/figure>\n\n\n\n<p id=\"block-e3c18574-f7ba-4635-852b-690d8f6e8366\"><\/p>\n\n\n\n<p><\/p>\n","protected":false},"excerpt":{"rendered":"<p>Am 22. August 2023 lud B\u00fcrgermeister Gerd Meyer zum ersten offiziellen Spatenstich f\u00fcr das neue Feuerwehrhaus Rechterfeld ein. Der Einladung folgten rund 50 Personen, darunter die Nachbarn \u201eAm Friedhof\u201c, mehrere Ratsmitglieder der Gemeinde Visbek, Amtsleiter Gerd Brengelmann, den Architekten Thomas Middelhove (MZ Baubetreuungs- und Verwaltungs-GmbH aus Vechta), Pfarrer Dr. Ekennia aus Nigeria, Gemeindebrandmeister Stefan Hitz [&hellip;]<\/p>\n","protected":false},"author":1,"featured_media":218,"parent":60,"menu_order":2,"comment_status":"closed","ping_status":"closed","template":"","meta":{"footnotes":""},"class_list":["post-259","page","type-page","status-publish","has-post-thumbnail","hentry"],"_links":{"self":[{"href":"https:\/\/feuerwehr-rechterfeld.de\/index.php?rest_route=\/wp\/v2\/pages\/259","targetHints":{"allow":["GET"]}}],"collection":[{"href":"https:\/\/feuerwehr-rechterfeld.de\/index.php?rest_route=\/wp\/v2\/pages"}],"about":[{"href":"https:\/\/feuerwehr-rechterfeld.de\/index.php?rest_route=\/wp\/v2\/types\/page"}],"author":[{"embeddable":true,"href":"https:\/\/feuerwehr-rechterfeld.de\/index.php?rest_route=\/wp\/v2\/users\/1"}],"replies":[{"embeddable":true,"href":"https:\/\/feuerwehr-rechterfeld.de\/index.php?rest_route=%2Fwp%2Fv2%2Fcomments&post=259"}],"version-history":[{"count":1,"href":"https:\/\/feuerwehr-rechterfeld.de\/index.php?rest_route=\/wp\/v2\/pages\/259\/revisions"}],"predecessor-version":[{"id":260,"href":"https:\/\/feuerwehr-rechterfeld.de\/index.php?rest_route=\/wp\/v2\/pages\/259\/revisions\/260"}],"up":[{"embeddable":true,"href":"https:\/\/feuerwehr-rechterfeld.de\/index.php?rest_route=\/wp\/v2\/pages\/60"}],"wp:featuredmedia":[{"embeddable":true,"href":"https:\/\/feuerwehr-rechterfeld.de\/index.php?rest_route=\/wp\/v2\/media\/218"}],"wp:attachment":[{"href":"https:\/\/feuerwehr-rechterfeld.de\/index.php?rest_route=%2Fwp%2Fv2%2Fmedia&parent=259"}],"curies":[{"name":"wp","href":"https:\/\/api.w.org\/{rel}","templated":true}]}}