{"id":45,"date":"2023-05-27T08:49:35","date_gmt":"2023-05-27T08:49:35","guid":{"rendered":"http:\/\/feuerwehr-rechterfeld.de\/?page_id=45"},"modified":"2024-11-25T16:19:13","modified_gmt":"2024-11-25T16:19:13","slug":"jugendfeuerwehr","status":"publish","type":"page","link":"https:\/\/feuerwehr-rechterfeld.de\/?page_id=45","title":{"rendered":"Jugendfeuerwehr Rechterfeld"},"content":{"rendered":"\n<p>Am 30. Oktober 2024 wurde die Jugendfeuerwehr Rechterfeld offiziell gegr\u00fcndet. Diese Entscheidung war notwendig, um der wachsenden Zahl an Jugendlichen, die sich f\u00fcr die Feuerwehr begeistern, gerecht zu werden. Zuvor gab es eine Gemeinde-Jugendfeuerwehr Visbek, doch aufgrund der hohen Mitgliederzahl und des damit verbundenen organisatorischen Aufwands entschied man sich, eine eigene Jugendfeuerwehr f\u00fcr Rechterfeld ins Leben zu rufen.<\/p>\n\n\n\n<p>Die Jugendfeuerwehr Rechterfeld z\u00e4hlt aktuell 13 aktive Jugendliche, die mit viel Eifer und Begeisterung dabei sind. Unterst\u00fctzt werden sie von einem engagierten Team aus Jugendfeuerwehrwarten und Betreuern, die sich mit Leidenschaft um die Ausbildung und Betreuung der Jugendlichen k\u00fcmmern. Unterst\u00fctzen werden die Jugendfeuerwehrwarte Lena Hasenkamp und Nils Jan\u00dfen von sechs weiteren Betreuern, die daf\u00fcr sorgen, dass der Dienst abwechslungsreich und spannend bleibt.<\/p>\n\n\n\n<figure class=\"wp-block-image size-large\"><img loading=\"lazy\" decoding=\"async\" width=\"1024\" height=\"768\" src=\"https:\/\/feuerwehr-rechterfeld.de\/wp-content\/uploads\/2024\/11\/WhatsApp-Image-2024-10-23-at-17.46.11-1024x768.jpeg\" alt=\"\" class=\"wp-image-359\" srcset=\"https:\/\/feuerwehr-rechterfeld.de\/wp-content\/uploads\/2024\/11\/WhatsApp-Image-2024-10-23-at-17.46.11-1024x768.jpeg 1024w, https:\/\/feuerwehr-rechterfeld.de\/wp-content\/uploads\/2024\/11\/WhatsApp-Image-2024-10-23-at-17.46.11-300x225.jpeg 300w, https:\/\/feuerwehr-rechterfeld.de\/wp-content\/uploads\/2024\/11\/WhatsApp-Image-2024-10-23-at-17.46.11-768x576.jpeg 768w, https:\/\/feuerwehr-rechterfeld.de\/wp-content\/uploads\/2024\/11\/WhatsApp-Image-2024-10-23-at-17.46.11-1536x1152.jpeg 1536w, https:\/\/feuerwehr-rechterfeld.de\/wp-content\/uploads\/2024\/11\/WhatsApp-Image-2024-10-23-at-17.46.11.jpeg 1600w\" sizes=\"auto, (max-width: 1024px) 100vw, 1024px\" \/><\/figure>\n\n\n\n<p>Neben der praktischen Ausbildung, bei der den Jugendlichen grundlegende Feuerwehrtechniken und -fertigkeiten vermittelt werden, kommen auch theoretische Themen nicht zu kurz. Die Jugendlichen lernen alles \u00fcber Brandbek\u00e4mpfung, technische Hilfeleistung, Erste Hilfe und vieles mehr. Doch auch der Spa\u00df darf nicht fehlen.<\/p>\n\n\n\n<p>Ein Highlight im Jahr sind die gemeinsamen Veranstaltungen mit der Kreisjugendfeuerwehr. Hierzu geh\u00f6ren unter anderem die Winterveranstaltung, bei der sich die Jugendlichen mit anderen Jugendfeuerwehren aus dem Kreis Vechta messen und viel Spa\u00df haben k\u00f6nnen, sowie das Pfingstzeltlager, bei dem der Teamgeist und die Kameradschaft weiter gest\u00e4rkt werden. Diese Erlebnisse sind nicht nur wichtig f\u00fcr die feuerwehrtechnische Ausbildung, sondern auch f\u00fcr das Kennenlernen anderer Jugendfeuerwehren und den Aufbau von Freundschaften \u00fcber Gemeindegrenzen hinweg.<\/p>\n\n\n\n<p>Wir freuen uns auf eine spannende Zukunft und eine weiterhin enge Zusammenarbeit mit der Jugendfeuerwehr Visbek.<\/p>\n\n\n\n<p>Bist auch du interessiert, ein Teil der Jugendfeuerwehr Rechterfeld zu werden? Dann melde dich bei uns! Wir freuen uns auf neue Mitglieder!<\/p>\n\n\n\n<p>Instagram: jf_rechterfeld <\/p>\n\n\n\n<figure class=\"wp-block-image size-large\"><img loading=\"lazy\" decoding=\"async\" width=\"724\" height=\"1024\" src=\"https:\/\/feuerwehr-rechterfeld.de\/wp-content\/uploads\/2024\/11\/WhatsApp-Image-2024-10-31-at-14.40.32-724x1024.jpeg\" alt=\"\" class=\"wp-image-341\" srcset=\"https:\/\/feuerwehr-rechterfeld.de\/wp-content\/uploads\/2024\/11\/WhatsApp-Image-2024-10-31-at-14.40.32-724x1024.jpeg 724w, https:\/\/feuerwehr-rechterfeld.de\/wp-content\/uploads\/2024\/11\/WhatsApp-Image-2024-10-31-at-14.40.32-212x300.jpeg 212w, https:\/\/feuerwehr-rechterfeld.de\/wp-content\/uploads\/2024\/11\/WhatsApp-Image-2024-10-31-at-14.40.32-768x1086.jpeg 768w, https:\/\/feuerwehr-rechterfeld.de\/wp-content\/uploads\/2024\/11\/WhatsApp-Image-2024-10-31-at-14.40.32.jpeg 905w\" sizes=\"auto, (max-width: 724px) 100vw, 724px\" \/><\/figure>\n\n\n\n<p class=\"has-text-align-right\">Text: Lena Hasenkamp <\/p>\n\n\n\n<p><\/p>\n","protected":false},"excerpt":{"rendered":"<p>Am 30. Oktober 2024 wurde die Jugendfeuerwehr Rechterfeld offiziell gegr\u00fcndet. Diese Entscheidung war notwendig, um der wachsenden Zahl an Jugendlichen, die sich f\u00fcr die Feuerwehr begeistern, gerecht zu werden. Zuvor gab es eine Gemeinde-Jugendfeuerwehr Visbek, doch aufgrund der hohen Mitgliederzahl und des damit verbundenen organisatorischen Aufwands entschied man sich, eine eigene Jugendfeuerwehr f\u00fcr Rechterfeld ins [&hellip;]<\/p>\n","protected":false},"author":1,"featured_media":0,"parent":0,"menu_order":0,"comment_status":"closed","ping_status":"closed","template":"","meta":{"footnotes":""},"class_list":["post-45","page","type-page","status-publish","hentry"],"_links":{"self":[{"href":"https:\/\/feuerwehr-rechterfeld.de\/index.php?rest_route=\/wp\/v2\/pages\/45","targetHints":{"allow":["GET"]}}],"collection":[{"href":"https:\/\/feuerwehr-rechterfeld.de\/index.php?rest_route=\/wp\/v2\/pages"}],"about":[{"href":"https:\/\/feuerwehr-rechterfeld.de\/index.php?rest_route=\/wp\/v2\/types\/page"}],"author":[{"embeddable":true,"href":"https:\/\/feuerwehr-rechterfeld.de\/index.php?rest_route=\/wp\/v2\/users\/1"}],"replies":[{"embeddable":true,"href":"https:\/\/feuerwehr-rechterfeld.de\/index.php?rest_route=%2Fwp%2Fv2%2Fcomments&post=45"}],"version-history":[{"count":7,"href":"https:\/\/feuerwehr-rechterfeld.de\/index.php?rest_route=\/wp\/v2\/pages\/45\/revisions"}],"predecessor-version":[{"id":360,"href":"https:\/\/feuerwehr-rechterfeld.de\/index.php?rest_route=\/wp\/v2\/pages\/45\/revisions\/360"}],"wp:attachment":[{"href":"https:\/\/feuerwehr-rechterfeld.de\/index.php?rest_route=%2Fwp%2Fv2%2Fmedia&parent=45"}],"curies":[{"name":"wp","href":"https:\/\/api.w.org\/{rel}","templated":true}]}}