{"id":64,"date":"2023-05-27T09:34:01","date_gmt":"2023-05-27T09:34:01","guid":{"rendered":"http:\/\/feuerwehr-rechterfeld.de\/?page_id=64"},"modified":"2023-06-05T07:14:54","modified_gmt":"2023-06-05T07:14:54","slug":"einsaetze-2020","status":"publish","type":"page","link":"https:\/\/feuerwehr-rechterfeld.de\/?page_id=64","title":{"rendered":"Eins\u00e4tze 2020"},"content":{"rendered":"\n<p><\/p>\n\n\n<div class=\"wp-block-image\">\n<figure class=\"alignleft size-full is-resized\"><img loading=\"lazy\" decoding=\"async\" src=\"https:\/\/feuerwehr-rechterfeld.de\/wp-content\/uploads\/2023\/05\/IMG_3262.jpg\" alt=\"\" class=\"wp-image-67\" width=\"673\" height=\"897\" srcset=\"https:\/\/feuerwehr-rechterfeld.de\/wp-content\/uploads\/2023\/05\/IMG_3262.jpg 720w, https:\/\/feuerwehr-rechterfeld.de\/wp-content\/uploads\/2023\/05\/IMG_3262-225x300.jpg 225w\" sizes=\"auto, (max-width: 673px) 100vw, 673px\" \/><\/figure>\n<\/div>\n\n\n<figure class=\"wp-block-table alignleft\"><table><tbody><tr><td class=\"has-text-align-center\" data-align=\"center\"><strong>Feuer<\/strong><\/td><td><strong>Technische Hilfeleistung<\/strong><\/td><td><strong>MTG<\/strong><\/td><td><strong>Sonstiges<\/strong><\/td><\/tr><tr><td class=\"has-text-align-center\" data-align=\"center\">10 Eins\u00e4tze<\/td><td>3 Eins\u00e4tze<\/td><td>4 Eins\u00e4tze<\/td><td>15 Eins\u00e4tze<\/td><\/tr><tr><td class=\"has-text-align-center\" data-align=\"center\">31%<\/td><td>9%<\/td><td>13%<\/td><td>47%<\/td><\/tr><\/tbody><\/table><\/figure>\n\n\n\n<p><\/p>\n\n\n\n<p><\/p>\n\n\n\n<figure class=\"wp-block-table alignleft\"><table><tbody><tr><td>Nummer<\/td><td>Datum<\/td><td>Uhrzeit<\/td><td>Stichwort<\/td><td>#FW<\/td><td>Einsatzort<\/td><\/tr><tr><td>32<\/td><td>16.12.2020<\/td><td>04:39<\/td><td>Brandmeldeanlage<\/td><td>1<\/td><td>Rechterfeld<\/td><\/tr><tr><td>31<\/td><td>11.12.2020<\/td><td>08:17<\/td><td>F2 &#8211; Palettenbrand am Haus<\/td><td>2<\/td><td>Bonrechtern<\/td><\/tr><tr><td>30<\/td><td>09.12.2020<\/td><td>20:18<\/td><td>MTG2 &#8211; VU PKW 2 Verletzte<\/td><td>2<\/td><td>Visbeker Damm, Visbek<\/td><\/tr><tr><td>29<\/td><td>03.12.2020<\/td><td>13:16<\/td><td>Brandmeldeanlage<\/td><td>1<\/td><td>Rechterfeld<\/td><\/tr><tr><td>28<\/td><td>19.11.2020<\/td><td>01:13<\/td><td>Brandmeldeanlage<\/td><td>1<\/td><td>Rechterfeld<\/td><\/tr><tr><td>27<\/td><td>18.09.2020<\/td><td>16:17<\/td><td>Brandmeldeanlage<\/td><td>1<\/td><td>Rechterfeld<\/td><\/tr><tr><td>26<\/td><td>12.09.2020<\/td><td>06:41<\/td><td>F1 &#8211; Strohballenbrand<\/td><td>1<\/td><td>Am Sportplatz, Rechterfeld<\/td><\/tr><tr><td>25<\/td><td>04.09.2020<\/td><td>03:36<\/td><td>F2 &#8211; Brand im Schaltschrank<\/td><td>1<\/td><td>Paul-Wesjohann-Str., Rechterfeld<\/td><\/tr><tr><td>24<\/td><td>19.08.2020<\/td><td>16:33<\/td><td>F2#RD1 &#8211; Moorbrand<\/td><td>9<\/td><td>Arkeburger Str., Goldenstedt<\/td><\/tr><tr><td>23<\/td><td>18.08.2020<\/td><td>16:53<\/td><td><a href=\"https:\/\/www.nonstopnews.de\/suche\/text\/?limit=25&amp;text=Visbek&amp;x=0&amp;y=0\">F2#RD1 &#8211; brennt Neubau \/ Zimmerbrand<\/a><\/td><td>3<\/td><td>Alhorner Str., Visbek<\/td><\/tr><tr><td>22<\/td><td>31.07.2020<\/td><td>18:23<\/td><td><a href=\"https:\/\/www.nonstopnews.de\/suche\/text\/?page=meldung&amp;newsnr=33742\" data-type=\"URL\" data-id=\"https:\/\/www.nonstopnews.de\/suche\/text\/?page=meldung&amp;newsnr=33742\">F3#RD1N &#8211; Wohnungsbrand, 1 Person in Gefahr<\/a> <\/td><td>3<\/td><td>D\u00f6ller Damm, Visbek<\/td><\/tr><tr><td>21<\/td><td>27.07.2020<\/td><td>21:18<\/td><td>F2 &#8211; Schornsteinbrand<\/td><td>2<\/td><td>Am Sportplatz, Rechterfeld<\/td><\/tr><tr><td>20<\/td><td>19.07.2020<\/td><td>02:18<\/td><td><a href=\"https:\/\/www.nonstopnews.de\/suche\/text\/?page=meldung&amp;newsnr=33634\" data-type=\"URL\" data-id=\"https:\/\/www.nonstopnews.de\/suche\/text\/?page=meldung&amp;newsnr=33634\">F3#RD1N &#8211; Wohnungsrand, 1 Person in Gefahr<\/a><\/td><td>3<\/td><td>Schneiderkruger Str., Visbek <\/td><\/tr><tr><td>19<\/td><td>14.07.2020<\/td><td>21:41<\/td><td>Brandmeldeanlage<\/td><td>1<\/td><td>Rechterfeld<\/td><\/tr><tr><td>18<\/td><td>11.07.2020<\/td><td>09:05<\/td><td>Brandmeldeanlage<\/td><td>1<\/td><td>Rechterfeld<\/td><\/tr><tr><td>17<\/td><td>05.07.2020<\/td><td>13:30<\/td><td>\u00d6lspur<\/td><td>1<\/td><td>Paul-Wesjohann-Str., Rechterfeld<\/td><\/tr><tr><td>16<\/td><td>04.07.2020<\/td><td>12:52<\/td><td>Brandmeldeanlage<\/td><td>1<\/td><td>Rechterfeld<\/td><\/tr><tr><td>15<\/td><td>28.06.2020<\/td><td>23:14<\/td><td>Brandmeldeanlage<\/td><td>1<\/td><td>Rechterfeld<\/td><\/tr><tr><td>14<\/td><td>26.06.2020<\/td><td>14:40<\/td><td>Brandmeldeanlage<\/td><td>1<\/td><td>Rechterfeld<\/td><\/tr><tr><td>13<\/td><td>25.06.2020<\/td><td>11:24<\/td><td>Brandmeldeanlage<\/td><td>1<\/td><td>Rechterfeld<\/td><\/tr><tr><td>12<\/td><td>03.06.2020<\/td><td>11:26<\/td><td>Brandmeldeanlage<\/td><td>1<\/td><td>Rechterfeld<\/td><\/tr><tr><td>11<\/td><td>01.06.2020<\/td><td>02:22<\/td><td>F3 &#8211; Brand Hackschnitzelhaufen<\/td><td>3<\/td><td>Nordd\u00f6llen, Visbek<\/td><\/tr><tr><td>10<\/td><td>27.05.2020<\/td><td>11:32<\/td><td>MTG1 &#8211; Tier in Gefahr, Pferd steckt in Sumpf fest<\/td><td>1<\/td><td>Bloge, Rechterfeld<\/td><\/tr><tr><td>9<\/td><td>23.05.2020<\/td><td>09:48<\/td><td>MTG2 &#8211; Person (Kind) in Maschine eingeklemmt<\/td><td>2<\/td><td>Bonrechtern<\/td><\/tr><tr><td>8<\/td><td>21.05.2020<\/td><td>21:58<\/td><td>Brandmeldeanlage<\/td><td>1<\/td><td>Rechterfeld<\/td><\/tr><tr><td>7<\/td><td>22.04.2020<\/td><td>12:55<\/td><td>TH &#8211; Gasaustritt ohne Flamme<\/td><td>2<\/td><td>Rechterfelder Stra\u00dfe, Rechterfeld<\/td><\/tr><tr><td>6<\/td><td>20.04.2020<\/td><td>18:36<\/td><td>F3 &#8211; Moorbrand<\/td><td>22<\/td><td>Sommerweg, Lohne<\/td><\/tr><tr><td>5<\/td><td>11.03.2020<\/td><td>10:45<\/td><td>Brandmeldeanlage<\/td><td>1<\/td><td>Rechterfeld<\/td><\/tr><tr><td>4<\/td><td>19.02.2020<\/td><td>17:25<\/td><td>Bahnunfall &#8211; Hund \u00fcberfahren, Person unklar<\/td><td>3<\/td><td>Rechterfeld &#8211; D\u00fcngstrup<\/td><\/tr><tr><td>3<\/td><td>01.02.2020<\/td><td>10:00<\/td><td>Blinder Alarm<\/td><td>1<\/td><td>Holte, Rechterfeld<\/td><\/tr><tr><td>2<\/td><td>21.01.2020<\/td><td>20:36<\/td><td>MTG1 &#8211; Person hinter T\u00fcr<\/td><td>1<\/td><td>Bonrechtern<\/td><\/tr><tr><td>1<\/td><td>06.01.2020<\/td><td>05:57<\/td><td>Brandmeldeanlage<\/td><td>1<\/td><td>Rechterfeld<\/td><\/tr><\/tbody><\/table><figcaption class=\"wp-element-caption\">Gesamteinsatzstunden der Rechterfelder Kameraden: 852,22 Stunden.<\/figcaption><\/figure>\n\n\n\n<p>Foto: F1 &#8211; Strohballenbrand <br>\u00a9 Feuerwehr Rechterfeld<\/p>\n","protected":false},"excerpt":{"rendered":"<p>Feuer Technische Hilfeleistung MTG Sonstiges 10 Eins\u00e4tze 3 Eins\u00e4tze 4 Eins\u00e4tze 15 Eins\u00e4tze 31% 9% 13% 47% Nummer Datum Uhrzeit Stichwort #FW Einsatzort 32 16.12.2020 04:39 Brandmeldeanlage 1 Rechterfeld 31 11.12.2020 08:17 F2 &#8211; Palettenbrand am Haus 2 Bonrechtern 30 09.12.2020 20:18 MTG2 &#8211; VU PKW 2 Verletzte 2 Visbeker Damm, Visbek 29 03.12.2020 13:16 [&hellip;]<\/p>\n","protected":false},"author":1,"featured_media":71,"parent":62,"menu_order":0,"comment_status":"closed","ping_status":"closed","template":"","meta":{"footnotes":""},"class_list":["post-64","page","type-page","status-publish","has-post-thumbnail","hentry"],"_links":{"self":[{"href":"https:\/\/feuerwehr-rechterfeld.de\/index.php?rest_route=\/wp\/v2\/pages\/64","targetHints":{"allow":["GET"]}}],"collection":[{"href":"https:\/\/feuerwehr-rechterfeld.de\/index.php?rest_route=\/wp\/v2\/pages"}],"about":[{"href":"https:\/\/feuerwehr-rechterfeld.de\/index.php?rest_route=\/wp\/v2\/types\/page"}],"author":[{"embeddable":true,"href":"https:\/\/feuerwehr-rechterfeld.de\/index.php?rest_route=\/wp\/v2\/users\/1"}],"replies":[{"embeddable":true,"href":"https:\/\/feuerwehr-rechterfeld.de\/index.php?rest_route=%2Fwp%2Fv2%2Fcomments&post=64"}],"version-history":[{"count":5,"href":"https:\/\/feuerwehr-rechterfeld.de\/index.php?rest_route=\/wp\/v2\/pages\/64\/revisions"}],"predecessor-version":[{"id":194,"href":"https:\/\/feuerwehr-rechterfeld.de\/index.php?rest_route=\/wp\/v2\/pages\/64\/revisions\/194"}],"up":[{"embeddable":true,"href":"https:\/\/feuerwehr-rechterfeld.de\/index.php?rest_route=\/wp\/v2\/pages\/62"}],"wp:featuredmedia":[{"embeddable":true,"href":"https:\/\/feuerwehr-rechterfeld.de\/index.php?rest_route=\/wp\/v2\/media\/71"}],"wp:attachment":[{"href":"https:\/\/feuerwehr-rechterfeld.de\/index.php?rest_route=%2Fwp%2Fv2%2Fmedia&parent=64"}],"curies":[{"name":"wp","href":"https:\/\/api.w.org\/{rel}","templated":true}]}}