{"id":98,"date":"2023-05-31T19:18:53","date_gmt":"2023-05-31T19:18:53","guid":{"rendered":"http:\/\/feuerwehr-rechterfeld.de\/?page_id=98"},"modified":"2026-02-10T18:25:34","modified_gmt":"2026-02-10T18:25:34","slug":"impressum","status":"publish","type":"page","link":"https:\/\/feuerwehr-rechterfeld.de\/?page_id=98","title":{"rendered":"Impressum"},"content":{"rendered":"\n<p><strong>Freiwillige Feuerwehr Rechterfeld<\/strong><br>Rechterfeld-Am Friedhof 12<br>49429 Visbek<\/p>\n\n\n\n<p><strong>Kontaktdaten<\/strong><\/p>\n\n\n\n<p>Tel.: 04445 \u2013 2974<\/p>\n\n\n\n<p>Fax: 04445 \u2013 7310<\/p>\n\n\n\n<p><a href=\"mailto:E-Mail:\">E-Mail:<\/a> <a href=\"mailto:info@feuerwehr-rechterfeld.de\">info@feuerwehr-rechterfeld.de<\/a><\/p>\n\n\n\n<p>www.feuerwehr-rechterfeld.de<\/p>\n\n\n\n<p><strong>Notrufe nur an die bekannten Notrufnummern<\/strong><\/p>\n\n\n\n<p>112 Feuerwehr und Rettungsdienst<\/p>\n\n\n\n<p>110 Polizei<\/p>\n\n\n\n<p><strong>Diensteanbieter i.S.v. \u00a7 10 Abs.1 MedStV:<\/strong><\/p>\n\n\n\n<p><strong>Gemeinde Visbek<\/strong><br>Vertreten durch B\u00fcrgermeister Gerd Meyer<br>Rathausplatz 1<br>49429 Visbek<\/p>\n\n\n\n<p>04445 \u2013 8900 0<\/p>\n\n\n\n<p>04445 \u2013 8900 77<\/p>\n\n\n\n<p>rathaus@visbek.de<\/p>\n\n\n\n<p><strong>Verantwortlich f\u00fcr den Inhalt nach \u00a7 55 Abs. 2 RStV::<\/strong><\/p>\n\n\n\n<p>Ortsbrandmeister J\u00f6rg Reinke<\/p>\n\n\n\n<p>Rechterfeld-Bloge 6 A<br>49429 Visbek<\/p>\n\n\n\n<p>0152 56757414<\/p>\n\n\n\n<p><a href=\"mailto:E-Mail:\">E-Mail:<\/a> joerg.reinke@feuerwehr-rechterfeld.de<\/p>\n\n\n\n<p><strong>Streitschlichtung<\/strong><\/p>\n\n\n\n<p>Die Europ\u00e4ische Kommission stellt eine Plattform zur Online-Streitbeilegung (OS) bereit: <a href=\"https:\/\/ec.europa.eu\/consumers\/odr\" target=\"_blank\" rel=\"noreferrer noopener\">https:\/\/ec.europa.eu\/consumers\/odr<\/a>.<br>Unsere E-Mail-Adresse finden Sie oben im Impressum.<\/p>\n\n\n\n<p>Wir sind nicht bereit oder verpflichtet, an Streitbeilegungsverfahren vor einer Verbraucherschlichtungsstelle teilzunehmen.<\/p>\n\n\n\n<p><strong>Haftung f\u00fcr Inhalte<\/strong><\/p>\n\n\n\n<p>Als Diensteanbieter sind wir gem\u00e4\u00df \u00a7 7 Abs.1 TMG f\u00fcr eigene Inhalte auf diesen Seiten nach den allgemeinen Gesetzen verantwortlich. Nach \u00a7\u00a7 8 bis 10 TMG sind wir als Diensteanbieter jedoch nicht verpflichtet, \u00fcbermittelte oder gespeicherte fremde Informationen zu \u00fcberwachen oder nach Umst\u00e4nden zu forschen, die auf eine rechtswidrige T\u00e4tigkeit hinweisen.<\/p>\n\n\n\n<p>Verpflichtungen zur Entfernung oder Sperrung der Nutzung von Informationen nach den allgemeinen Gesetzen bleiben hiervon unber\u00fchrt. Eine diesbez\u00fcgliche Haftung ist jedoch erst ab dem Zeitpunkt der Kenntnis einer konkreten Rechtsverletzung m\u00f6glich. Bei Bekanntwerden von entsprechenden Rechtsverletzungen werden wir diese Inhalte umgehend entfernen.<\/p>\n\n\n\n<p><strong>Haftung f\u00fcr Links<\/strong><\/p>\n\n\n\n<p>Unser Angebot enth\u00e4lt Links zu externen Websites Dritter, auf deren Inhalte wir keinen Einfluss haben. Deshalb k\u00f6nnen wir f\u00fcr diese fremden Inhalte auch keine Gew\u00e4hr \u00fcbernehmen. F\u00fcr die Inhalte der verlinkten Seiten ist stets der jeweilige Anbieter oder Betreiber der Seiten verantwortlich. Die verlinkten Seiten wurden zum Zeitpunkt der Verlinkung auf m\u00f6gliche Rechtsverst\u00f6\u00dfe \u00fcberpr\u00fcft. Rechtswidrige Inhalte waren zum Zeitpunkt der Verlinkung nicht erkennbar.<\/p>\n\n\n\n<p>Eine permanente inhaltliche Kontrolle der verlinkten Seiten ist jedoch ohne konkrete Anhaltspunkte einer Rechtsverletzung nicht zumutbar. Bei Bekanntwerden von Rechtsverletzungen werden wir derartige Links umgehend entfernen.<\/p>\n\n\n\n<p><strong>Urheberrecht<\/strong><\/p>\n\n\n\n<p>Die durch die Seitenbetreiber erstellten Inhalte und Werke auf diesen Seiten unterliegen dem deutschen Urheberrecht. Die Vervielf\u00e4ltigung, Bearbeitung, Verbreitung und jede Art der Verwertung au\u00dferhalb der Grenzen des Urheberrechtes bed\u00fcrfen der schriftlichen Zustimmung des jeweiligen Autors bzw. Erstellers. Downloads und Kopien dieser Seite sind nur f\u00fcr den privaten, nicht kommerziellen Gebrauch gestattet.<\/p>\n\n\n\n<p>Soweit die Inhalte auf dieser Seite nicht vom Betreiber erstellt wurden, werden die Urheberrechte Dritter beachtet. Insbesondere werden Inhalte Dritter als solche gekennzeichnet. Sollten Sie trotzdem auf eine Urheberrechtsverletzung aufmerksam werden, bitten wir um einen entsprechenden Hinweis. Bei Bekanntwerden von Rechtsverletzungen werden wir derartige Inhalte umgehend entfernen.<\/p>\n\n\n\n<p><br><br><\/p>\n","protected":false},"excerpt":{"rendered":"<p>Freiwillige Feuerwehr RechterfeldRechterfeld-Am Friedhof 1249429 Visbek Kontaktdaten Tel.: 04445 \u2013 2974 Fax: 04445 \u2013 7310 E-Mail: info@feuerwehr-rechterfeld.de www.feuerwehr-rechterfeld.de Notrufe nur an die bekannten Notrufnummern 112 Feuerwehr und Rettungsdienst 110 Polizei Diensteanbieter i.S.v. \u00a7 10 Abs.1 MedStV: Gemeinde VisbekVertreten durch B\u00fcrgermeister Gerd MeyerRathausplatz 149429 Visbek 04445 \u2013 8900 0 04445 \u2013 8900 77 rathaus@visbek.de Verantwortlich f\u00fcr [&hellip;]<\/p>\n","protected":false},"author":1,"featured_media":0,"parent":0,"menu_order":0,"comment_status":"closed","ping_status":"closed","template":"","meta":{"footnotes":""},"class_list":["post-98","page","type-page","status-publish","hentry"],"_links":{"self":[{"href":"https:\/\/feuerwehr-rechterfeld.de\/index.php?rest_route=\/wp\/v2\/pages\/98","targetHints":{"allow":["GET"]}}],"collection":[{"href":"https:\/\/feuerwehr-rechterfeld.de\/index.php?rest_route=\/wp\/v2\/pages"}],"about":[{"href":"https:\/\/feuerwehr-rechterfeld.de\/index.php?rest_route=\/wp\/v2\/types\/page"}],"author":[{"embeddable":true,"href":"https:\/\/feuerwehr-rechterfeld.de\/index.php?rest_route=\/wp\/v2\/users\/1"}],"replies":[{"embeddable":true,"href":"https:\/\/feuerwehr-rechterfeld.de\/index.php?rest_route=%2Fwp%2Fv2%2Fcomments&post=98"}],"version-history":[{"count":2,"href":"https:\/\/feuerwehr-rechterfeld.de\/index.php?rest_route=\/wp\/v2\/pages\/98\/revisions"}],"predecessor-version":[{"id":511,"href":"https:\/\/feuerwehr-rechterfeld.de\/index.php?rest_route=\/wp\/v2\/pages\/98\/revisions\/511"}],"wp:attachment":[{"href":"https:\/\/feuerwehr-rechterfeld.de\/index.php?rest_route=%2Fwp%2Fv2%2Fmedia&parent=98"}],"curies":[{"name":"wp","href":"https:\/\/api.w.org\/{rel}","templated":true}]}}